{"id":23,"date":"2024-02-07T15:10:21","date_gmt":"2024-02-07T20:10:21","guid":{"rendered":"https:\/\/click2action.com.co\/movo\/?page_id=23"},"modified":"2024-03-18T09:50:44","modified_gmt":"2024-03-18T14:50:44","slug":"blog","status":"publish","type":"page","link":"https:\/\/movo.com.co\/index.php\/blog\/","title":{"rendered":"Blog"},"content":{"rendered":"\t\t<div data-elementor-type=\"wp-page\" data-elementor-id=\"23\" class=\"elementor elementor-23\" data-elementor-settings=\"{&quot;ha_cmc_init_switcher&quot;:&quot;no&quot;}\" data-elementor-post-type=\"page\">\n\t\t\t\t\t\t<section class=\"elementor-section elementor-top-section elementor-element elementor-element-f5f425b elementor-section-full_width elementor-section-height-default elementor-section-height-default\" data-id=\"f5f425b\" data-element_type=\"section\" data-e-type=\"section\" data-settings=\"{&quot;animation&quot;:&quot;none&quot;,&quot;jet_parallax_layout_list&quot;:[],&quot;_ha_eqh_enable&quot;:false}\">\n\t\t\t\t\t\t<div class=\"elementor-container elementor-column-gap-no\">\n\t\t\t\t\t<div class=\"elementor-column elementor-col-100 elementor-top-column elementor-element elementor-element-85fc2e4\" data-id=\"85fc2e4\" data-element_type=\"column\" data-e-type=\"column\">\n\t\t\t<div class=\"elementor-widget-wrap elementor-element-populated\">\n\t\t\t\t\t\t<div class=\"elementor-element elementor-element-0294fee elementor-widget elementor-widget-image\" data-id=\"0294fee\" data-element_type=\"widget\" data-e-type=\"widget\" data-widget_type=\"image.default\">\n\t\t\t\t<div class=\"elementor-widget-container\">\n\t\t\t\t\t\t\t\t\t\t\t\t\t\t\t<img fetchpriority=\"high\" decoding=\"async\" width=\"2560\" height=\"839\" src=\"https:\/\/movo.com.co\/wp-content\/uploads\/2024\/02\/Group-701.png\" class=\"attachment-full size-full wp-image-239\" alt=\"\" srcset=\"https:\/\/movo.com.co\/wp-content\/uploads\/2024\/02\/Group-701.png 2560w, https:\/\/movo.com.co\/wp-content\/uploads\/2024\/02\/Group-701-300x98.png 300w, https:\/\/movo.com.co\/wp-content\/uploads\/2024\/02\/Group-701-1024x336.png 1024w, https:\/\/movo.com.co\/wp-content\/uploads\/2024\/02\/Group-701-768x252.png 768w, https:\/\/movo.com.co\/wp-content\/uploads\/2024\/02\/Group-701-1536x503.png 1536w, https:\/\/movo.com.co\/wp-content\/uploads\/2024\/02\/Group-701-2048x671.png 2048w\" sizes=\"(max-width: 2560px) 100vw, 2560px\" \/>\t\t\t\t\t\t\t\t\t\t\t\t\t\t\t<\/div>\n\t\t\t\t<\/div>\n\t\t\t\t\t<\/div>\n\t\t<\/div>\n\t\t\t\t\t<\/div>\n\t\t<\/section>\n\t\t\t\t<section class=\"elementor-section elementor-top-section elementor-element elementor-element-686abcf elementor-section-boxed elementor-section-height-default elementor-section-height-default\" data-id=\"686abcf\" data-element_type=\"section\" data-e-type=\"section\" data-settings=\"{&quot;jet_parallax_layout_list&quot;:[],&quot;_ha_eqh_enable&quot;:false}\">\n\t\t\t\t\t\t<div class=\"elementor-container elementor-column-gap-default\">\n\t\t\t\t\t<div class=\"elementor-column elementor-col-100 elementor-top-column elementor-element elementor-element-bb91a18\" data-id=\"bb91a18\" data-element_type=\"column\" data-e-type=\"column\">\n\t\t\t<div class=\"elementor-widget-wrap elementor-element-populated\">\n\t\t\t\t\t\t<div class=\"elementor-element elementor-element-1076b99 elementor-widget elementor-widget-heading\" data-id=\"1076b99\" data-element_type=\"widget\" data-e-type=\"widget\" data-widget_type=\"heading.default\">\n\t\t\t\t<div class=\"elementor-widget-container\">\n\t\t\t\t\t<h2 class=\"elementor-heading-title elementor-size-default\">Blogs<\/h2>\t\t\t\t<\/div>\n\t\t\t\t<\/div>\n\t\t\t\t<div class=\"elementor-element elementor-element-b6bb18b elementor-widget-divider--view-line elementor-widget elementor-widget-divider\" data-id=\"b6bb18b\" data-element_type=\"widget\" data-e-type=\"widget\" data-widget_type=\"divider.default\">\n\t\t\t\t<div class=\"elementor-widget-container\">\n\t\t\t\t\t\t\t<div class=\"elementor-divider\">\n\t\t\t<span class=\"elementor-divider-separator\">\n\t\t\t\t\t\t<\/span>\n\t\t<\/div>\n\t\t\t\t\t\t<\/div>\n\t\t\t\t<\/div>\n\t\t\t\t<div class=\"elementor-element elementor-element-8dd6585 elementor-widget elementor-widget-text-editor\" data-id=\"8dd6585\" data-element_type=\"widget\" data-e-type=\"widget\" data-widget_type=\"text-editor.default\">\n\t\t\t\t<div class=\"elementor-widget-container\">\n\t\t\t\t\t\t\t\t\t<p>Pronto aqu\u00ed encontrar\u00e1s las \u00faltimas noticias sobre log\u00edstica y transporte<\/p>\t\t\t\t\t\t\t\t<\/div>\n\t\t\t\t<\/div>\n\t\t\t\t<div class=\"elementor-element elementor-element-dcfd19c elementor-widget elementor-widget-spacer\" data-id=\"dcfd19c\" data-element_type=\"widget\" data-e-type=\"widget\" data-widget_type=\"spacer.default\">\n\t\t\t\t<div class=\"elementor-widget-container\">\n\t\t\t\t\t\t\t<div class=\"elementor-spacer\">\n\t\t\t<div class=\"elementor-spacer-inner\"><\/div>\n\t\t<\/div>\n\t\t\t\t\t\t<\/div>\n\t\t\t\t<\/div>\n\t\t\t\t\t<\/div>\n\t\t<\/div>\n\t\t\t\t\t<\/div>\n\t\t<\/section>\n\t\t\t\t<section class=\"elementor-section elementor-top-section elementor-element elementor-element-381b788 elementor-section-boxed elementor-section-height-default elementor-section-height-default\" data-id=\"381b788\" data-element_type=\"section\" data-e-type=\"section\" data-settings=\"{&quot;animation&quot;:&quot;none&quot;,&quot;jet_parallax_layout_list&quot;:[],&quot;_ha_eqh_enable&quot;:false}\">\n\t\t\t\t\t\t<div class=\"elementor-container elementor-column-gap-default\">\n\t\t\t\t\t<div class=\"elementor-column elementor-col-100 elementor-top-column elementor-element elementor-element-a2b4d22\" data-id=\"a2b4d22\" data-element_type=\"column\" data-e-type=\"column\">\n\t\t\t<div class=\"elementor-widget-wrap elementor-element-populated\">\n\t\t\t\t\t\t<div class=\"elementor-element elementor-element-984ea6c elementor-grid-2 elementor-grid-tablet-2 elementor-grid-mobile-1 elementor-posts--thumbnail-top elementor-card-shadow-yes elementor-posts__hover-gradient elementor-widget elementor-widget-posts\" data-id=\"984ea6c\" data-element_type=\"widget\" data-e-type=\"widget\" data-settings=\"{&quot;cards_columns&quot;:&quot;2&quot;,&quot;cards_columns_tablet&quot;:&quot;2&quot;,&quot;cards_columns_mobile&quot;:&quot;1&quot;,&quot;cards_row_gap&quot;:{&quot;unit&quot;:&quot;px&quot;,&quot;size&quot;:35,&quot;sizes&quot;:[]},&quot;cards_row_gap_tablet&quot;:{&quot;unit&quot;:&quot;px&quot;,&quot;size&quot;:&quot;&quot;,&quot;sizes&quot;:[]},&quot;cards_row_gap_mobile&quot;:{&quot;unit&quot;:&quot;px&quot;,&quot;size&quot;:&quot;&quot;,&quot;sizes&quot;:[]}}\" data-widget_type=\"posts.cards\">\n\t\t\t\t<div class=\"elementor-widget-container\">\n\t\t\t\t\t\t\t<div class=\"elementor-posts-container elementor-posts elementor-posts--skin-cards elementor-grid\" role=\"list\">\n\t\t\t\t<article class=\"elementor-post elementor-grid-item post-921 post type-post status-publish format-standard has-post-thumbnail hentry category-sin-categoria\" role=\"listitem\">\n\t\t\t<div class=\"elementor-post__card\">\n\t\t\t\t<a class=\"elementor-post__thumbnail__link\" href=\"https:\/\/movo.com.co\/index.php\/2024\/05\/14\/optimizando-el-almacenamiento-de-mercancias\/\" tabindex=\"-1\" ><div class=\"elementor-post__thumbnail\"><img decoding=\"async\" width=\"1201\" height=\"901\" src=\"https:\/\/movo.com.co\/wp-content\/uploads\/2024\/02\/BANNERS-06.jpg\" class=\"attachment-full size-full wp-image-922\" alt=\"\" srcset=\"https:\/\/movo.com.co\/wp-content\/uploads\/2024\/02\/BANNERS-06.jpg 1201w, https:\/\/movo.com.co\/wp-content\/uploads\/2024\/02\/BANNERS-06-300x225.jpg 300w, https:\/\/movo.com.co\/wp-content\/uploads\/2024\/02\/BANNERS-06-1024x768.jpg 1024w, https:\/\/movo.com.co\/wp-content\/uploads\/2024\/02\/BANNERS-06-768x576.jpg 768w\" sizes=\"(max-width: 1201px) 100vw, 1201px\" \/><\/div><\/a>\n\t\t\t\t<div class=\"elementor-post__text\">\n\t\t\t\t<h3 class=\"elementor-post__title\">\n\t\t\t<a href=\"https:\/\/movo.com.co\/index.php\/2024\/05\/14\/optimizando-el-almacenamiento-de-mercancias\/\" >\n\t\t\t\tOptimizando el Almacenamiento de Mercanc\u00edas\t\t\t<\/a>\n\t\t<\/h3>\n\t\t\t\t<div class=\"elementor-post__excerpt\">\n\t\t\t<p>Claves para una Log\u00edstica Efectiva En un mundo donde la eficiencia log\u00edstica es m\u00e1s cr\u00edtica que nunca, el almacenamiento adecuado de mercanc\u00edas no s\u00f3lo es<\/p>\n\t\t<\/div>\n\t\t\t\t\t<div class=\"elementor-post__read-more-wrapper\">\n\t\t\n\t\t<a class=\"elementor-post__read-more\" href=\"https:\/\/movo.com.co\/index.php\/2024\/05\/14\/optimizando-el-almacenamiento-de-mercancias\/\" aria-label=\"Read more about Optimizando el Almacenamiento de Mercanc\u00edas\" tabindex=\"-1\" >\n\t\t\tConoce m\u00e1s \u00bb\t\t<\/a>\n\n\t\t\t\t\t<\/div>\n\t\t\t\t<\/div>\n\t\t\t\t\t<\/div>\n\t\t<\/article>\n\t\t\t\t<article class=\"elementor-post elementor-grid-item post-1 post type-post status-publish format-standard has-post-thumbnail hentry category-sin-categoria\" role=\"listitem\">\n\t\t\t<div class=\"elementor-post__card\">\n\t\t\t\t<a class=\"elementor-post__thumbnail__link\" href=\"https:\/\/movo.com.co\/index.php\/2024\/02\/07\/transformacion-y-renovacion-el-motor-del-cambio\/\" tabindex=\"-1\" ><div class=\"elementor-post__thumbnail\"><img decoding=\"async\" width=\"1201\" height=\"901\" src=\"https:\/\/movo.com.co\/wp-content\/uploads\/2024\/02\/BANNERS-03.jpg\" class=\"attachment-full size-full wp-image-923\" alt=\"\" srcset=\"https:\/\/movo.com.co\/wp-content\/uploads\/2024\/02\/BANNERS-03.jpg 1201w, https:\/\/movo.com.co\/wp-content\/uploads\/2024\/02\/BANNERS-03-300x225.jpg 300w, https:\/\/movo.com.co\/wp-content\/uploads\/2024\/02\/BANNERS-03-1024x768.jpg 1024w, https:\/\/movo.com.co\/wp-content\/uploads\/2024\/02\/BANNERS-03-768x576.jpg 768w\" sizes=\"(max-width: 1201px) 100vw, 1201px\" \/><\/div><\/a>\n\t\t\t\t<div class=\"elementor-post__text\">\n\t\t\t\t<h3 class=\"elementor-post__title\">\n\t\t\t<a href=\"https:\/\/movo.com.co\/index.php\/2024\/02\/07\/transformacion-y-renovacion-el-motor-del-cambio\/\" >\n\t\t\t\tTransformaci\u00f3n y Renovaci\u00f3n: El Motor del Cambio\t\t\t<\/a>\n\t\t<\/h3>\n\t\t\t\t<div class=\"elementor-post__excerpt\">\n\t\t\t<p>En un mundo en constante evoluci\u00f3n, tanto a nivel personal como empresarial, la transformaci\u00f3n y la renovaci\u00f3n se vuelven imperativas para el crecimiento y la<\/p>\n\t\t<\/div>\n\t\t\t\t\t<div class=\"elementor-post__read-more-wrapper\">\n\t\t\n\t\t<a class=\"elementor-post__read-more\" href=\"https:\/\/movo.com.co\/index.php\/2024\/02\/07\/transformacion-y-renovacion-el-motor-del-cambio\/\" aria-label=\"Read more about Transformaci\u00f3n y Renovaci\u00f3n: El Motor del Cambio\" tabindex=\"-1\" >\n\t\t\tConoce m\u00e1s \u00bb\t\t<\/a>\n\n\t\t\t\t\t<\/div>\n\t\t\t\t<\/div>\n\t\t\t\t\t<\/div>\n\t\t<\/article>\n\t\t\t\t<\/div>\n\t\t\n\t\t\t\t\t\t<\/div>\n\t\t\t\t<\/div>\n\t\t\t\t\t<\/div>\n\t\t<\/div>\n\t\t\t\t\t<\/div>\n\t\t<\/section>\n\t\t\t\t<section class=\"elementor-section elementor-top-section elementor-element elementor-element-6be5000 elementor-section-boxed elementor-section-height-default elementor-section-height-default\" data-id=\"6be5000\" data-element_type=\"section\" data-e-type=\"section\" data-settings=\"{&quot;jet_parallax_layout_list&quot;:[],&quot;_ha_eqh_enable&quot;:false}\">\n\t\t\t\t\t\t<div class=\"elementor-container elementor-column-gap-default\">\n\t\t\t\t\t<div class=\"elementor-column elementor-col-100 elementor-top-column elementor-element elementor-element-daa8414\" data-id=\"daa8414\" data-element_type=\"column\" data-e-type=\"column\">\n\t\t\t<div class=\"elementor-widget-wrap elementor-element-populated\">\n\t\t\t\t\t\t<div class=\"elementor-element elementor-element-df2418b elementor-widget elementor-widget-spacer\" data-id=\"df2418b\" data-element_type=\"widget\" data-e-type=\"widget\" data-widget_type=\"spacer.default\">\n\t\t\t\t<div class=\"elementor-widget-container\">\n\t\t\t\t\t\t\t<div class=\"elementor-spacer\">\n\t\t\t<div class=\"elementor-spacer-inner\"><\/div>\n\t\t<\/div>\n\t\t\t\t\t\t<\/div>\n\t\t\t\t<\/div>\n\t\t\t\t\t<\/div>\n\t\t<\/div>\n\t\t\t\t\t<\/div>\n\t\t<\/section>\n\t\t\t\t<\/div>\n\t\t","protected":false},"excerpt":{"rendered":"<p>Blogs Pronto aqu\u00ed encontrar\u00e1s las \u00faltimas noticias sobre log\u00edstica y transporte<\/p>\n","protected":false},"author":3,"featured_media":0,"parent":0,"menu_order":0,"comment_status":"closed","ping_status":"closed","template":"","meta":{"footnotes":""},"class_list":["post-23","page","type-page","status-publish","hentry"],"yoast_head":"<!-- This site is optimized with the Yoast SEO plugin v27.4 - https:\/\/yoast.com\/product\/yoast-seo-wordpress\/ -->\n<title>Blog - MOVO - Log\u00edstica en movimiento<\/title>\n<meta name=\"robots\" content=\"index, follow, max-snippet:-1, max-image-preview:large, max-video-preview:-1\" \/>\n<link rel=\"canonical\" href=\"https:\/\/movo.com.co\/index.php\/blog\/\" \/>\n<meta property=\"og:locale\" content=\"es_ES\" \/>\n<meta property=\"og:type\" content=\"article\" \/>\n<meta property=\"og:title\" content=\"Blog - MOVO - Log\u00edstica en movimiento\" \/>\n<meta property=\"og:description\" content=\"Blogs Pronto aqu\u00ed encontrar\u00e1s las \u00faltimas noticias sobre log\u00edstica y transporte\" \/>\n<meta property=\"og:url\" content=\"https:\/\/movo.com.co\/index.php\/blog\/\" \/>\n<meta property=\"og:site_name\" content=\"MOVO - Log\u00edstica en movimiento\" \/>\n<meta property=\"article:modified_time\" content=\"2024-03-18T14:50:44+00:00\" \/>\n<meta property=\"og:image\" content=\"https:\/\/click2action.com.co\/movo\/wp-content\/uploads\/2024\/02\/Group-701.png\" \/>\n<meta name=\"twitter:card\" content=\"summary_large_image\" \/>\n<meta name=\"twitter:label1\" content=\"Tiempo de lectura\" \/>\n\t<meta name=\"twitter:data1\" content=\"1 minuto\" \/>\n<script type=\"application\/ld+json\" class=\"yoast-schema-graph\">{\"@context\":\"https:\\\/\\\/schema.org\",\"@graph\":[{\"@type\":\"WebPage\",\"@id\":\"https:\\\/\\\/movo.com.co\\\/index.php\\\/blog\\\/\",\"url\":\"https:\\\/\\\/movo.com.co\\\/index.php\\\/blog\\\/\",\"name\":\"Blog - MOVO - Log\u00edstica en movimiento\",\"isPartOf\":{\"@id\":\"https:\\\/\\\/movo.com.co\\\/#website\"},\"primaryImageOfPage\":{\"@id\":\"https:\\\/\\\/movo.com.co\\\/index.php\\\/blog\\\/#primaryimage\"},\"image\":{\"@id\":\"https:\\\/\\\/movo.com.co\\\/index.php\\\/blog\\\/#primaryimage\"},\"thumbnailUrl\":\"https:\\\/\\\/click2action.com.co\\\/movo\\\/wp-content\\\/uploads\\\/2024\\\/02\\\/Group-701.png\",\"datePublished\":\"2024-02-07T20:10:21+00:00\",\"dateModified\":\"2024-03-18T14:50:44+00:00\",\"breadcrumb\":{\"@id\":\"https:\\\/\\\/movo.com.co\\\/index.php\\\/blog\\\/#breadcrumb\"},\"inLanguage\":\"es-CO\",\"potentialAction\":[{\"@type\":\"ReadAction\",\"target\":[\"https:\\\/\\\/movo.com.co\\\/index.php\\\/blog\\\/\"]}]},{\"@type\":\"ImageObject\",\"inLanguage\":\"es-CO\",\"@id\":\"https:\\\/\\\/movo.com.co\\\/index.php\\\/blog\\\/#primaryimage\",\"url\":\"https:\\\/\\\/click2action.com.co\\\/movo\\\/wp-content\\\/uploads\\\/2024\\\/02\\\/Group-701.png\",\"contentUrl\":\"https:\\\/\\\/click2action.com.co\\\/movo\\\/wp-content\\\/uploads\\\/2024\\\/02\\\/Group-701.png\"},{\"@type\":\"BreadcrumbList\",\"@id\":\"https:\\\/\\\/movo.com.co\\\/index.php\\\/blog\\\/#breadcrumb\",\"itemListElement\":[{\"@type\":\"ListItem\",\"position\":1,\"name\":\"Inicio\",\"item\":\"https:\\\/\\\/movo.com.co\\\/\"},{\"@type\":\"ListItem\",\"position\":2,\"name\":\"Blog\"}]},{\"@type\":\"WebSite\",\"@id\":\"https:\\\/\\\/movo.com.co\\\/#website\",\"url\":\"https:\\\/\\\/movo.com.co\\\/\",\"name\":\"MOVO - Logistica en movimiento\",\"description\":\"\",\"publisher\":{\"@id\":\"https:\\\/\\\/movo.com.co\\\/#organization\"},\"potentialAction\":[{\"@type\":\"SearchAction\",\"target\":{\"@type\":\"EntryPoint\",\"urlTemplate\":\"https:\\\/\\\/movo.com.co\\\/?s={search_term_string}\"},\"query-input\":{\"@type\":\"PropertyValueSpecification\",\"valueRequired\":true,\"valueName\":\"search_term_string\"}}],\"inLanguage\":\"es-CO\"},{\"@type\":\"Organization\",\"@id\":\"https:\\\/\\\/movo.com.co\\\/#organization\",\"name\":\"MOVO - Logistica en movimiento\",\"url\":\"https:\\\/\\\/movo.com.co\\\/\",\"logo\":{\"@type\":\"ImageObject\",\"inLanguage\":\"es-CO\",\"@id\":\"https:\\\/\\\/movo.com.co\\\/#\\\/schema\\\/logo\\\/image\\\/\",\"url\":\"https:\\\/\\\/movo.com.co\\\/wp-content\\\/uploads\\\/2024\\\/02\\\/Group-24.png\",\"contentUrl\":\"https:\\\/\\\/movo.com.co\\\/wp-content\\\/uploads\\\/2024\\\/02\\\/Group-24.png\",\"width\":182,\"height\":58,\"caption\":\"MOVO - Logistica en movimiento\"},\"image\":{\"@id\":\"https:\\\/\\\/movo.com.co\\\/#\\\/schema\\\/logo\\\/image\\\/\"}}]}<\/script>\n<!-- \/ Yoast SEO plugin. -->","yoast_head_json":{"title":"Blog - MOVO - Log\u00edstica en movimiento","robots":{"index":"index","follow":"follow","max-snippet":"max-snippet:-1","max-image-preview":"max-image-preview:large","max-video-preview":"max-video-preview:-1"},"canonical":"https:\/\/movo.com.co\/index.php\/blog\/","og_locale":"es_ES","og_type":"article","og_title":"Blog - MOVO - Log\u00edstica en movimiento","og_description":"Blogs Pronto aqu\u00ed encontrar\u00e1s las \u00faltimas noticias sobre log\u00edstica y transporte","og_url":"https:\/\/movo.com.co\/index.php\/blog\/","og_site_name":"MOVO - Log\u00edstica en movimiento","article_modified_time":"2024-03-18T14:50:44+00:00","og_image":[{"url":"https:\/\/click2action.com.co\/movo\/wp-content\/uploads\/2024\/02\/Group-701.png","type":"","width":"","height":""}],"twitter_card":"summary_large_image","twitter_misc":{"Tiempo de lectura":"1 minuto"},"schema":{"@context":"https:\/\/schema.org","@graph":[{"@type":"WebPage","@id":"https:\/\/movo.com.co\/index.php\/blog\/","url":"https:\/\/movo.com.co\/index.php\/blog\/","name":"Blog - MOVO - Log\u00edstica en movimiento","isPartOf":{"@id":"https:\/\/movo.com.co\/#website"},"primaryImageOfPage":{"@id":"https:\/\/movo.com.co\/index.php\/blog\/#primaryimage"},"image":{"@id":"https:\/\/movo.com.co\/index.php\/blog\/#primaryimage"},"thumbnailUrl":"https:\/\/click2action.com.co\/movo\/wp-content\/uploads\/2024\/02\/Group-701.png","datePublished":"2024-02-07T20:10:21+00:00","dateModified":"2024-03-18T14:50:44+00:00","breadcrumb":{"@id":"https:\/\/movo.com.co\/index.php\/blog\/#breadcrumb"},"inLanguage":"es-CO","potentialAction":[{"@type":"ReadAction","target":["https:\/\/movo.com.co\/index.php\/blog\/"]}]},{"@type":"ImageObject","inLanguage":"es-CO","@id":"https:\/\/movo.com.co\/index.php\/blog\/#primaryimage","url":"https:\/\/click2action.com.co\/movo\/wp-content\/uploads\/2024\/02\/Group-701.png","contentUrl":"https:\/\/click2action.com.co\/movo\/wp-content\/uploads\/2024\/02\/Group-701.png"},{"@type":"BreadcrumbList","@id":"https:\/\/movo.com.co\/index.php\/blog\/#breadcrumb","itemListElement":[{"@type":"ListItem","position":1,"name":"Inicio","item":"https:\/\/movo.com.co\/"},{"@type":"ListItem","position":2,"name":"Blog"}]},{"@type":"WebSite","@id":"https:\/\/movo.com.co\/#website","url":"https:\/\/movo.com.co\/","name":"MOVO - Logistica en movimiento","description":"","publisher":{"@id":"https:\/\/movo.com.co\/#organization"},"potentialAction":[{"@type":"SearchAction","target":{"@type":"EntryPoint","urlTemplate":"https:\/\/movo.com.co\/?s={search_term_string}"},"query-input":{"@type":"PropertyValueSpecification","valueRequired":true,"valueName":"search_term_string"}}],"inLanguage":"es-CO"},{"@type":"Organization","@id":"https:\/\/movo.com.co\/#organization","name":"MOVO - Logistica en movimiento","url":"https:\/\/movo.com.co\/","logo":{"@type":"ImageObject","inLanguage":"es-CO","@id":"https:\/\/movo.com.co\/#\/schema\/logo\/image\/","url":"https:\/\/movo.com.co\/wp-content\/uploads\/2024\/02\/Group-24.png","contentUrl":"https:\/\/movo.com.co\/wp-content\/uploads\/2024\/02\/Group-24.png","width":182,"height":58,"caption":"MOVO - Logistica en movimiento"},"image":{"@id":"https:\/\/movo.com.co\/#\/schema\/logo\/image\/"}}]}},"_links":{"self":[{"href":"https:\/\/movo.com.co\/index.php\/wp-json\/wp\/v2\/pages\/23","targetHints":{"allow":["GET"]}}],"collection":[{"href":"https:\/\/movo.com.co\/index.php\/wp-json\/wp\/v2\/pages"}],"about":[{"href":"https:\/\/movo.com.co\/index.php\/wp-json\/wp\/v2\/types\/page"}],"author":[{"embeddable":true,"href":"https:\/\/movo.com.co\/index.php\/wp-json\/wp\/v2\/users\/3"}],"replies":[{"embeddable":true,"href":"https:\/\/movo.com.co\/index.php\/wp-json\/wp\/v2\/comments?post=23"}],"version-history":[{"count":37,"href":"https:\/\/movo.com.co\/index.php\/wp-json\/wp\/v2\/pages\/23\/revisions"}],"predecessor-version":[{"id":810,"href":"https:\/\/movo.com.co\/index.php\/wp-json\/wp\/v2\/pages\/23\/revisions\/810"}],"wp:attachment":[{"href":"https:\/\/movo.com.co\/index.php\/wp-json\/wp\/v2\/media?parent=23"}],"curies":[{"name":"wp","href":"https:\/\/api.w.org\/{rel}","templated":true}]}}